{"id":628,"date":"2009-05-06T11:43:24","date_gmt":"2009-05-06T16:43:24","guid":{"rendered":"http:\/\/wpzoom.com\/zenko\/demo\/?page_id=3"},"modified":"2018-01-09T22:50:49","modified_gmt":"2018-01-09T21:50:49","slug":"contact","status":"publish","type":"page","link":"https:\/\/globart.com.pl\/index.php\/contact\/","title":{"rendered":"Kontakt"},"content":{"rendered":"\n\n\n<section id=\"section_id-1628\" class=\" fw-main-row-custom fw-main-row-top fw-section-no-padding \" style=\" \" >\n\t<div class=\"fw-col-inner fw-container-fluid\" >\n\t\t<div class=\"fw-row\">\n\t\n<div id=\"column-6a06f0db729b1\" class=\"fw-col-xs-12 fw-col-sm-4 \" style=\" \">\n        <div class=\"fw-col-inner\" >\n\t\t<p><img loading=\"lazy\" decoding=\"async\" class=\"size-medium wp-image-5966 alignleft\" src=\"http:\/\/serwer1601836.home.pl\/globartgroup\/wp-content\/uploads\/2018\/01\/globartprint-logo2-300x80.png\" alt=\"\" width=\"300\" height=\"80\" srcset=\"https:\/\/globart.com.pl\/wp-content\/uploads\/2018\/01\/globartprint-logo2-300x80.png 300w, https:\/\/globart.com.pl\/wp-content\/uploads\/2018\/01\/globartprint-logo2-768x205.png 768w, https:\/\/globart.com.pl\/wp-content\/uploads\/2018\/01\/globartprint-logo2-206x55.png 206w, https:\/\/globart.com.pl\/wp-content\/uploads\/2018\/01\/globartprint-logo2.png 797w\" sizes=\"auto, (max-width: 300px) 100vw, 300px\" \/><\/p><p>&nbsp;<\/p><p>&nbsp;<\/p><p>Cio\u0142kowskiego 88H (Biuro)<br \/>15-545 Bia\u0142ystok<br \/>Podlaskie, Polska<br \/>tel. +48 85 65 30 700<br \/>fax. +48 85 65 30 872<br \/>NIP 542-301-39-69<br \/>Pon. \u2013 pt. 9.00 \u2013 17.00<\/p>\t<\/div>\n<\/div>\n<div id=\"column-6a06f0db72b02\" class=\"fw-col-xs-12 fw-col-sm-4 \" style=\" \">\n        <div class=\"fw-col-inner\" >\n\t\t<p><img loading=\"lazy\" decoding=\"async\" class=\"size-medium wp-image-5965 alignleft\" src=\"http:\/\/serwer1601836.home.pl\/globartgroup\/wp-content\/uploads\/2018\/01\/globartmedia-logo2-300x80.png\" alt=\"\" width=\"300\" height=\"80\" srcset=\"https:\/\/globart.com.pl\/wp-content\/uploads\/2018\/01\/globartmedia-logo2-300x80.png 300w, https:\/\/globart.com.pl\/wp-content\/uploads\/2018\/01\/globartmedia-logo2-768x205.png 768w, https:\/\/globart.com.pl\/wp-content\/uploads\/2018\/01\/globartmedia-logo2-206x55.png 206w, https:\/\/globart.com.pl\/wp-content\/uploads\/2018\/01\/globartmedia-logo2.png 797w\" sizes=\"auto, (max-width: 300px) 100vw, 300px\" \/><\/p><p>&nbsp;<\/p><p>&nbsp;<\/p><p>Cio\u0142kowskiego 88H<br \/>15-545 Bia\u0142ystok.<br \/>Podlaskie, Polska<br \/>tel. +48 85 740 31 60<br \/>fax. +48 85 653 03 69<br \/>NIP 542-300-79-11<\/p>\t<\/div>\n<\/div>\n<div id=\"column-6a06f0db72bd1\" class=\"fw-col-xs-12 fw-col-sm-4 \" style=\" \">\n        <div class=\"fw-col-inner\" >\n\t\t<p><img loading=\"lazy\" decoding=\"async\" class=\"size-medium wp-image-5964 alignleft\" src=\"http:\/\/serwer1601836.home.pl\/globartgroup\/wp-content\/uploads\/2018\/01\/globart-nieruchomosci-t-logo2-300x80.png\" alt=\"\" width=\"300\" height=\"80\" srcset=\"https:\/\/globart.com.pl\/wp-content\/uploads\/2018\/01\/globart-nieruchomosci-t-logo2-300x80.png 300w, https:\/\/globart.com.pl\/wp-content\/uploads\/2018\/01\/globart-nieruchomosci-t-logo2-768x205.png 768w, https:\/\/globart.com.pl\/wp-content\/uploads\/2018\/01\/globart-nieruchomosci-t-logo2-206x55.png 206w, https:\/\/globart.com.pl\/wp-content\/uploads\/2018\/01\/globart-nieruchomosci-t-logo2.png 797w\" sizes=\"auto, (max-width: 300px) 100vw, 300px\" \/><\/p><p>&nbsp;<\/p><p>&nbsp;<\/p><p>Cio\u0142kowskiego 88H<br \/>15-545 Bia\u0142ystok<br \/>Podlaskie, Polska<br \/>tel. +48 85 740 31 60<\/p><p>&nbsp;<\/p>\t<\/div>\n<\/div><\/div>\n\n\t<\/div>\n<\/section>\n","protected":false},"excerpt":{"rendered":"<p>&nbsp;&nbsp;Cio\u0142kowskiego 88H (Biuro)15-545 Bia\u0142ystokPodlaskie, Polskatel. +48 85 65 30 700fax. +48 85 65 30 872NIP 542-301-39-69Pon. \u2013 pt. 9.00 \u2013 17.00 &nbsp;&nbsp;Cio\u0142kowskiego 88H15-545 Bia\u0142ystok.Podlaskie, Polskatel. +48 85 740 31 60fax. +48 85 653 03 69NIP 542-300-79-11 &nbsp;&nbsp;Cio\u0142kowskiego 88H15-545 Bia\u0142ystokPodlaskie, Polskatel. +48 85 740 31 60&nbsp;<\/p>\n","protected":false},"author":1,"featured_media":5997,"parent":0,"menu_order":0,"comment_status":"closed","ping_status":"closed","template":"","meta":{"footnotes":""},"class_list":["post-628","page","type-page","status-publish","has-post-thumbnail","hentry"],"aioseo_notices":[],"_links":{"self":[{"href":"https:\/\/globart.com.pl\/index.php\/wp-json\/wp\/v2\/pages\/628","targetHints":{"allow":["GET"]}}],"collection":[{"href":"https:\/\/globart.com.pl\/index.php\/wp-json\/wp\/v2\/pages"}],"about":[{"href":"https:\/\/globart.com.pl\/index.php\/wp-json\/wp\/v2\/types\/page"}],"author":[{"embeddable":true,"href":"https:\/\/globart.com.pl\/index.php\/wp-json\/wp\/v2\/users\/1"}],"replies":[{"embeddable":true,"href":"https:\/\/globart.com.pl\/index.php\/wp-json\/wp\/v2\/comments?post=628"}],"version-history":[{"count":5,"href":"https:\/\/globart.com.pl\/index.php\/wp-json\/wp\/v2\/pages\/628\/revisions"}],"predecessor-version":[{"id":6000,"href":"https:\/\/globart.com.pl\/index.php\/wp-json\/wp\/v2\/pages\/628\/revisions\/6000"}],"wp:featuredmedia":[{"embeddable":true,"href":"https:\/\/globart.com.pl\/index.php\/wp-json\/wp\/v2\/media\/5997"}],"wp:attachment":[{"href":"https:\/\/globart.com.pl\/index.php\/wp-json\/wp\/v2\/media?parent=628"}],"curies":[{"name":"wp","href":"https:\/\/api.w.org\/{rel}","templated":true}]}}